{"id":970,"date":"2025-04-23T22:12:23","date_gmt":"2025-04-23T19:12:23","guid":{"rendered":"https:\/\/www.edremittarihi.com\/?page_id=970"},"modified":"2025-05-02T21:03:41","modified_gmt":"2025-05-02T18:03:41","slug":"turizm","status":"publish","type":"page","link":"https:\/\/www.edremittarihi.com\/index.php\/turizm\/","title":{"rendered":"Turizm"},"content":{"rendered":"\n<figure class=\"wp-block-image size-full\"><img loading=\"lazy\" decoding=\"async\" width=\"1280\" height=\"720\" src=\"https:\/\/www.edremittarihi.com\/wp-content\/uploads\/2025\/04\/turizm.webp\" alt=\"\" class=\"wp-image-977\" srcset=\"https:\/\/www.edremittarihi.com\/wp-content\/uploads\/2025\/04\/turizm.webp 1280w, https:\/\/www.edremittarihi.com\/wp-content\/uploads\/2025\/04\/turizm-300x169.webp 300w, https:\/\/www.edremittarihi.com\/wp-content\/uploads\/2025\/04\/turizm-1024x576.webp 1024w, https:\/\/www.edremittarihi.com\/wp-content\/uploads\/2025\/04\/turizm-768x432.webp 768w\" sizes=\"auto, (max-width: 1280px) 100vw, 1280px\" \/><\/figure>\n\n\n\n<p>Edremit ve civar\u0131, Ege Medeniyetinin Med ve Pers seferlerinin, Roma Medeniyetinin, Sel\u00e7uklu ve Osmanl\u0131 sanat eserlerinin bulun du\u011fu bir tarih vitrini gibidir.<\/p>\n\n\n\n<p>Bug\u00fcnk\u00fc Edremit&#8217;e 6 Km. uzakl\u0131kta Truva Sava\u015flar\u0131ndan \u00f6nce Lidya Kral\u0131 Krez\u00fcs&#8217;\u00fcn karde\u015fi Adramys kendi ad\u0131yla kurdu\u011fu Adramys adl\u0131 kenti, b\u00fcy\u00fck \u0130skenderden sonra Romal\u0131lar\u0131n elinden al\u0131nana kadar o d\u00f6nemin adalet \u00f6rg\u00fct\u00fcn\u00fcn merkezi olmu\u015ftur.<\/p>\n\n\n\n<p>\u0130l\u00e7emiz hudutlar\u0131 i\u00e7indeki kal\u0131nt\u0131lar aras\u0131nda; Alt\u0131noluk Kasabas\u0131 \u00e7evresin de \u015eahin Kale \u00d6ren ve mahzenleri ve Antandros Kenti, Manast\u0131r \u00c7ay\u0131 dolaylar\u0131nda bir sa\u011fl\u0131k merkezinin kal\u0131nt\u0131lar\u0131, Ortaoba K\u00f6y\u00fc yak\u0131nlar\u0131nda Pa\u015fasultan Zaviyesi (Diana Mabedi), Eski Tekke dolaylar\u0131nda taban mozaiki bir aslan kal\u0131nt\u0131lar\u0131 mevcuttur.<\/p>\n\n\n\n<p>Osmanl\u0131 d\u00f6nemi zaman\u0131nda, (XV).yy&#8217;da Edremit&#8217;in tan\u0131nm\u0131\u015f ulemalar\u0131ndan Yusuf Bin Habib i\u00e7in kesme ta\u015ftan ve tek kubbeli olarak yapt\u0131r\u0131lan Kur\u015funlu Camii, Osmanl\u0131 Mimarisi son d\u00f6nem \u00f6zelliklerini ta\u015f\u0131yan kesme ta\u015ftan ve duvarlar\u0131 kademeli olarak in\u015faa edilen E\u015fref Rumi Camisi, moloz ta\u015ftan dikd\u00f6rtgen planl\u0131 olarak yap\u0131lan Emir Ali T\u00fcrbesi mevcuttur.<\/p>\n\n\n\n<p>Edremitli erkekler eskiden ba\u015flar\u0131na fes, \u00fczerine mendile benzeyen bir sar\u0131k, s\u0131rtlar\u0131na \u00e7uhadan yap\u0131lm\u0131\u015f uzun kollu bir cepken, bellerine me\u015fin bir silahl\u0131k, ayn\u0131 \u00e7uhadan bir don, ayaklar\u0131na k\u0131\u015f\u0131n kal\u00e7\u0131n denilen bir deri tozluk, \u00e7izme yaz\u0131n uzun koncuklu y\u00fcn \u00e7orap ve \u00f6k\u00e7esi bas\u0131k hafif yemeni veya tulumbac\u0131 denilen kundura giyerlerdi.<\/p>\n\n\n\n<p>Kad\u0131nlar ise d\u00fc\u011f\u00fcn ve merasimlerde dal ve \u00fc\u00e7etek elbise, ba\u015flar\u0131na pek me\u015fhur alt\u0131nl\u0131 fes giyerlerdi. Elbiseler dal elbise ad\u0131 verilen pahal\u0131 kuma\u015flardan veya kadifeden yap\u0131lm\u0131\u015f elbiselerdir. Bu elbiselerin \u00fczerine pahal\u0131 ve parlak satenden yap\u0131lm\u0131\u015f k\u0131vraklar giyilir, ba\u015flar\u0131na da hac\u0131 \u00fcstl\u00fc\u011f\u00fc denilen i\u015flemeli bir ba\u015f\u00f6rt\u00fcs\u00fc \u00f6rterlerdi. Ayr\u0131ca, kad\u0131nlar i\u015f k\u0131yafeti olarak \u00e7atal don denilen b\u00fcy\u00fck bir \u015falvar\u0131 g\u00fcnl\u00fck giysilerinin \u00fczerine giyerlerdi.<\/p>\n\n\n\n<p>B\u00f6lgenin zengin olu\u015fu, d\u00fc\u011f\u00fcnlerin \u00e7ok masrafl\u0131 yap\u0131lmas\u0131na sebep te\u015fkil ederlerdi. Cumartesi ba\u015flayan d\u00fc\u011f\u00fcn \u00e7e\u015fitli merasimlerle Per\u015fembe g\u00fcn\u00fc ak\u015fam\u0131na kadar devam ederdi.<\/p>\n\n\n\n<p>\u00c7evrede zeybek oyunu \u00e7ok me\u015fhurdur. Mahalli g\u00fcvende, Kaz da\u011f\u0131 zeybe\u011fi, ye\u015fil yaprak d\u00fc\u011f\u00fcn havas\u0131 ve koca arap oyunu havas\u0131 pek oynanan ve be\u011fenilen oyunlard\u0131r. Y\u00f6resel yemekler aras\u0131nda ke\u015fkek, etli nohut, mant\u0131, tatl\u0131lardan h\u00f6\u015fmerim ba\u015fta gelmektedir.<\/p>\n\n\n\n<p>Y\u00f6re halk edebiyat\u0131n\u0131n ortak \u00fcr\u00fcn\u00fc olan maniler, atas\u00f6zleri, bilmeceler, yan\u0131lmacalar, s\u00f6ylence ve masal-\u00f6yk\u00fcler y\u00f6n\u00fcnden zengindir. Maniler olduk\u00e7a \u00e7ok ve yayg\u0131nd\u0131r. A\u011f\u0131t s\u00f6yleme gelene\u011fi \u00e7ok azd\u0131r.<\/p>\n\n\n\n<p>S\u00f6ylenceler bak\u0131m\u0131ndan Edremit zengin bir kayna\u011fa sahiptir. Kazda\u011f\u0131 (\u0130dada\u011f\u0131), Yunan mitolojisine g\u00f6re Truva sava\u015f\u0131n\u0131n tanr\u0131larca izlendi\u011fi yerdir. Pek \u00e7ok s\u00f6ylencenin de kayna\u011f\u0131d\u0131r. D\u00fcnyan\u0131n ilk g\u00fczellik yar\u0131\u015fmas\u0131, Truva Sava\u015f\u0131, Parisli Oinone&#8217;nin sonu, Sar\u0131k\u0131z vb. s\u00f6ylenceler bir\u00e7ok sanat yap\u0131t\u0131na konu olmu\u015ftur.<\/p>\n\n\n\n<p>S\u00f6ylencelere g\u00f6re, Sar\u0131k\u0131z&#8217;\u0131n g\u00f6m\u00fcs\u00fc, Kazda\u011f\u0131n\u0131n zirvesi olan Sar\u0131k\u0131z Tepesindedir. Bu g\u00f6m\u00fc, T\u00fcrkmenlerce kutsal say\u0131lmaktad\u0131r. \u0130l\u00e7emizde mevcut 5 T\u00fcrkmen k\u00f6y\u00fcn\u00fcn yan\u0131nda, \u00fclkenin \u00e7e\u015fitli y\u00f6relerinden gelen T\u00fcrkmenlerce, A\u011fustos ay\u0131 i\u00e7inde ziyaret edilmekte ve \u00fc\u00e7 g\u00fcn, \u00fc\u00e7 gece t\u00f6renler yap\u0131ld\u0131\u011f\u0131 s\u00f6ylenmektedir.<\/p>\n\n\n\n<p>\u0130l\u00e7emizde ilk k\u00fct\u00fcphane 3 Kas\u0131m 1960 tarihinde a\u00e7\u0131lm\u0131\u015ft\u0131r. \u015eimdiki modern binas\u0131na 1984 y\u0131l\u0131nda ta\u015f\u0131nm\u0131\u015ft\u0131r. Yeri 130m2&#8217;dir. Belediye taraf\u0131ndan verilmi\u015ftir. Bina Muzaffer Akp\u0131nar Vakf\u0131 taraf\u0131ndan yapt\u0131r\u0131larak 99 y\u0131l s\u00fcreyle K\u00fclt\u00fcr Bakanl\u0131\u011f\u0131na kullan\u0131m hakk\u0131 tan\u0131nm\u0131\u015ft\u0131r. Bina kaloriferlidir. Giri\u015f kat\u0131yla beraber 3 katt\u0131r. Giri\u015f katta Vakfa ait bir oda, kalorifer dairesi ve m\u00fcd\u00fcr odas\u0131, 1.katta bir memur odas\u0131 ve \u00e7ocuk b\u00f6l\u00fcm\u00fc 2.katta yeti\u015fkinler b\u00f6l\u00fcm\u00fc ile s\u00fcreli yay\u0131nlar salonu bulunmaktad\u0131r.<\/p>\n\n\n\n<p>2005 y\u0131l\u0131 istatistiklerine g\u00f6re 18.649 adet kitap mevcuttur. 52 adet el yazmas\u0131 kitap vard\u0131r. 10.747 erkek, 15.911 bayan olmak \u00fczere toplam okuyucu say\u0131m\u0131z 26.658 ki\u015fidir. \u0130l\u00e7emiz K\u00fct\u00fcphanesine \u00dcye say\u0131s\u0131 :802&#8242; dir.<\/p>\n\n\n\n<p>Mahalli gazeteler d\u0131\u015f\u0131nda ayr\u0131ca her g\u00fcn iki adet g\u00fcnl\u00fck gazete al\u0131nmaktad\u0131r.2005 y\u0131l\u0131na g\u00fcn\u00fcn \u00f6nemine g\u00f6re \u00e7e\u015fitli kitap sergileri a\u00e7\u0131lm\u0131\u015f ve konferanslar verilmi\u015ftir.<\/p>\n\n\n\n<p>K\u00fct\u00fcphanemize ba\u011fl\u0131 1983 y\u0131l\u0131nda a\u00e7\u0131lan Zeytinli Halk K\u00fct\u00fcphanesi, 1994 y\u0131l\u0131nda a\u00e7\u0131lan G\u00fcre Halk K\u00fct\u00fcphanesi ve 2000 y\u0131l\u0131 i\u00e7erisinde a\u00e7\u0131lan Ak\u00e7ay Halk K\u00fct\u00fcphanesi olmak \u00fczere toplam \u00fc\u00e7 \u015fube mevcuttur.<\/p>\n\n\n\n<p>\u0130l\u00e7emizde spor tesisi olarak, \u015eehit Hamdi Bey Stadyumu \u00e7im y\u00fczeyli olup, faal durumdad\u0131r. 750 ki\u015filik kapal\u0131 trib\u00fcn\u00fc, 1000 ki\u015filik portatif a\u00e7\u0131k trib\u00fcn\u00fc mevcuttur. Stadyumun yan\u0131nda faal toprak y\u00fczeyli etraf\u0131 \u00e7it telle \u00e7evrili futbol saham\u0131z vard\u0131r<\/p>\n\n\n\n<p>\u0130l\u00e7e M\u00fcd\u00fcrl\u00fc\u011f\u00fcm\u00fcz spor kompleksi yan\u0131nda her iki stadyuma hizmet veren sporcu soyunma odalar\u0131, hakem odas\u0131,doktor odas\u0131 vard\u0131r. Yine ayn\u0131 kompleks i\u00e7inde yer alan ve Gen\u00e7lik ve Spor Genel M\u00fcd\u00fcrl\u00fc\u011f\u00fcnce ihalesi yap\u0131lan ve 1995 y\u0131l\u0131nda temeli at\u0131lan 1500 ki\u015filik kapal\u0131 spor salonu in\u015faat\u0131n\u0131n su basman i\u015fi bitmi\u015f ancak \u00f6deneksizlik y\u00fcz\u00fcnden in\u015faat durdurulmu\u015ftur. 2004 y\u0131l\u0131 i\u00e7erisinde \u00f6denek \u00e7\u0131kart\u0131lm\u0131\u015f ve in\u015faat\u0131na \u015fu anda devam edilmektedir. \u0130l\u00e7emiz Zeytinli Beldesinde 1000 ki\u015filik a\u00e7\u0131k seyirci trib\u00fcn\u00fc mevcut olup, hakem odas\u0131 ve sporcu soyunma odalar\u0131 vard\u0131r.<\/p>\n\n\n\n<p>\u0130l\u00e7emizde 1 Yelken \u0130htisas Spor Kul\u00fcb\u00fc ve 1 Adet At\u0131c\u0131l\u0131k ve Avc\u0131l\u0131k Spor kul\u00fcb\u00fc ile 11 adet spor kul\u00fcb\u00fc mevcuttur. \u0130l\u00e7emizde Amat\u00f6r S\u00fcper lig, Amat\u00f6r b\u00fcy\u00fck, Gen\u00e7, B. Gen\u00e7 ve Y\u0131ld\u0131zlar K\u00f6rfez futbol grup m\u00fcsabakalr\u0131 yap\u0131lmakta olup, futbol, basketbol, voleybol, judo, tekwando, yelken, at\u0131c\u0131l\u0131k ve avc\u0131l\u0131k spor dallar\u0131nda (bay-bayan) 600 lisansl\u0131 sporcu mevcuttur.<\/p>\n\n\n\n<p>Resmi kurum ve kurulu\u015flar\u0131n kat\u0131ld\u0131klar\u0131 Kaymakaml\u0131k Kupas\u0131 Voleybol Bahar Turnuvas\u0131 d\u00fczenlenmekte olup, judo ihtisas kul\u00fcb\u00fc il birincili\u011fi ve taekwon-da bran\u015f\u0131nda ferdi olarak il birincili\u011fi ve federasyon faaliyetine kat\u0131lmaktad\u0131r.<\/p>\n\n\n\n<p>Alt\u0131noluk Yelken \u0130htisas Kul\u00fcb\u00fc il birincili\u011fi ve federasyon kupas\u0131, laser ve optimus dallar\u0131nda yelken faaliyetlerine kat\u0131lmaktad\u0131r. G\u00fcre Belediye Spor kul\u00fcb\u00fc basketbol tak\u0131m\u0131 2. ligde faaliyetlere kat\u0131lmaktad\u0131r. Okullar\u0131n tatil oldu\u011fu d\u00f6nemde \u00e7ocuk ve gen\u00e7leri spora kanalize etmek amac\u0131yla muhtelif bran\u015flarda \u0130l\u00e7e Spor Merkezi a\u00e7\u0131lmaktad\u0131r. \u0130l\u00e7emize has folklor ekibi yoktur. \u0130l\u00e7emizde 11 adet matbaa mevcut olup, 2 adet g\u00fcnl\u00fck gazete mevcuttur. Kitapevi yoktur. Sanat galerisi olarak Tahtaku\u015flar K\u00f6y\u00fcnde bir \u015fah\u0131s taraf\u0131ndan d\u00fczenlenen \u00d6zel Etnografya M\u00fczesi mevcuttur.<\/p>\n\n\n\n<p>Kaynak \/ <strong><em>Edremit Kaymakaml\u0131\u011f\u0131<\/em><\/strong><\/p>\n\n\n\n<hr class=\"wp-block-separator has-alpha-channel-opacity\"\/>\n\n\n\n<p>Termal, da\u011f ve deniz turizminin bir arada ya\u015fand\u0131\u011f\u0131 Edremit, ba\u011fl\u0131 oldu\u011fu Bal\u0131kesir ilinin b\u00fcy\u00fck\u015fehir olmas\u0131yla birlikte, 150 bin n\u00fcfuslu bir il\u00e7e haline gelmi\u015ftir. Kara yolu, deniz yolu ve hava yolu ile ula\u015f\u0131m\u0131n m\u00fcmk\u00fcn oldu\u011fu il\u00e7emizde, Koca Seyit Havaliman\u0131\u2019ndan uluslararas\u0131 tarifeli yurtd\u0131\u015f\u0131 u\u00e7u\u015flar\u0131n\u0131n da ger\u00e7ekle\u015fiyor olmas\u0131, il\u00e7e olarak vizyonumuzu geni\u015fletmi\u015f ve kap\u0131lar\u0131m\u0131z\u0131 d\u00fcnyaya a\u00e7m\u0131\u015ft\u0131r.<\/p>\n\n\n\n<p>Sahip oldu\u011fumuz Edremit-Alt\u0131noluk k\u0131y\u0131 b\u00f6lgemiz, geni\u015f koylar\u0131, kumsallar\u0131 ve mavi bayrakl\u0131 deniziyle, yaz d\u00f6nemi s\u00fcresince D\u00fcnya\u2019n\u0131n d\u00f6rt bir yan\u0131ndan gelen turistleri misa\ufb01r etmektedir. Tarih ve do\u011fa tutkunlar\u0131n\u0131n d\u00f6rt d\u00f6rtl\u00fck bir gezi se\u00e7ene\u011fi olu\u015fturan Kazda\u011flar\u0131 ise, y\u0131l\u0131n 12 ay\u0131 boyunca de\u011fi\u015fik aktivitelerle da\u011f turizminin ya\u015fand\u0131\u011f\u0131 bir cennettir. Edremit, jeotermal kaynaklar bak\u0131m\u0131ndan da \u00e7ok zengindir ve olduk\u00e7a \u015fifal\u0131 olan kapl\u0131ca sular\u0131na sahiptir. \u0130l\u00e7emiz, modern \u00fcnitelerden olu\u015fan kaliteli termal otel ve devre m\u00fclk tesisleriyle, y\u0131l\u0131n her mevsiminde termal turizmiyle \u00f6n plandad\u0131r.<br>Tarihi, k\u00fclt\u00fcrel de\u011ferleri, s\u0131cak su kaynaklar\u0131 ve do\u011fal g\u00fczellikleriyle Kuzey Ege\u2019nin en pop\u00fcler tatil merkezi olan Edremit\u2019i sizlerin de g\u00f6rmesini ister, cennetimizde keyi\ufb02i ve e\u011flenceli bir tatil dileriz.<\/p>\n\n\n\n<p>Kaynak \/ <strong><em>Edremit Belediyesi<\/em><\/strong><\/p>\n\n\n\n<p><\/p>\n","protected":false},"excerpt":{"rendered":"<p>Edremit ve civar\u0131, Ege Medeniyetinin Med ve Pers seferlerinin, Roma Medeniyetinin, Sel\u00e7uklu ve Osmanl\u0131 sanat eserlerinin bulun du\u011fu bir tarih vitrini gibidir. Bug\u00fcnk\u00fc Edremit&#8217;e 6 Km. uzakl\u0131kta Truva Sava\u015flar\u0131ndan \u00f6nce Lidya Kral\u0131 Krez\u00fcs&#8217;\u00fcn karde\u015fi Adramys kendi ad\u0131yla kurdu\u011fu Adramys adl\u0131 kenti, b\u00fcy\u00fck \u0130skenderden sonra Romal\u0131lar\u0131n elinden al\u0131nana kadar o d\u00f6nemin adalet \u00f6rg\u00fct\u00fcn\u00fcn merkezi olmu\u015ftur. \u0130l\u00e7emiz [&hellip;]<\/p>\n","protected":false},"author":1,"featured_media":977,"parent":0,"menu_order":0,"comment_status":"closed","ping_status":"closed","template":"pages\/page-crew.php","meta":{"footnotes":""},"class_list":["post-970","page","type-page","status-publish","has-post-thumbnail","hentry"],"_links":{"self":[{"href":"https:\/\/www.edremittarihi.com\/index.php\/wp-json\/wp\/v2\/pages\/970","targetHints":{"allow":["GET"]}}],"collection":[{"href":"https:\/\/www.edremittarihi.com\/index.php\/wp-json\/wp\/v2\/pages"}],"about":[{"href":"https:\/\/www.edremittarihi.com\/index.php\/wp-json\/wp\/v2\/types\/page"}],"author":[{"embeddable":true,"href":"https:\/\/www.edremittarihi.com\/index.php\/wp-json\/wp\/v2\/users\/1"}],"replies":[{"embeddable":true,"href":"https:\/\/www.edremittarihi.com\/index.php\/wp-json\/wp\/v2\/comments?post=970"}],"version-history":[{"count":4,"href":"https:\/\/www.edremittarihi.com\/index.php\/wp-json\/wp\/v2\/pages\/970\/revisions"}],"predecessor-version":[{"id":978,"href":"https:\/\/www.edremittarihi.com\/index.php\/wp-json\/wp\/v2\/pages\/970\/revisions\/978"}],"wp:featuredmedia":[{"embeddable":true,"href":"https:\/\/www.edremittarihi.com\/index.php\/wp-json\/wp\/v2\/media\/977"}],"wp:attachment":[{"href":"https:\/\/www.edremittarihi.com\/index.php\/wp-json\/wp\/v2\/media?parent=970"}],"curies":[{"name":"wp","href":"https:\/\/api.w.org\/{rel}","templated":true}]}}