{"id":871,"date":"2025-04-18T20:47:42","date_gmt":"2025-04-18T17:47:42","guid":{"rendered":"https:\/\/www.edremittarihi.com\/?page_id=871"},"modified":"2025-05-02T21:08:28","modified_gmt":"2025-05-02T18:08:28","slug":"cografi-ozellikler","status":"publish","type":"page","link":"https:\/\/www.edremittarihi.com\/index.php\/cografi-ozellikler\/","title":{"rendered":"Co\u011frafi \u00d6zellikler"},"content":{"rendered":"\n<figure class=\"wp-block-image size-full\"><img loading=\"lazy\" decoding=\"async\" width=\"1280\" height=\"720\" src=\"https:\/\/www.edremittarihi.com\/wp-content\/uploads\/2025\/04\/cografya.webp\" alt=\"\" class=\"wp-image-873\" srcset=\"https:\/\/www.edremittarihi.com\/wp-content\/uploads\/2025\/04\/cografya.webp 1280w, https:\/\/www.edremittarihi.com\/wp-content\/uploads\/2025\/04\/cografya-300x169.webp 300w, https:\/\/www.edremittarihi.com\/wp-content\/uploads\/2025\/04\/cografya-1024x576.webp 1024w, https:\/\/www.edremittarihi.com\/wp-content\/uploads\/2025\/04\/cografya-768x432.webp 768w\" sizes=\"auto, (max-width: 1280px) 100vw, 1280px\" \/><\/figure>\n\n\n\n<p><\/p>\n\n\n\n<p><strong>Edremit\u2019in Co\u011frafi Konumu<\/strong><\/p>\n\n\n\n<p>Edremit Marmara b\u00f6lgesinin g\u00fcney b\u00f6l\u00fcm\u00fcnde yer alan Bal\u0131kesir ilinin il\u00e7elerinden biridir. Edremit k\u00f6rfezi ile kaz da\u011flar\u0131 aras\u0131nda ege b\u00f6lgesi sahillerine kurulmu\u015f olan yerle\u015fimin y\u00fcz \u00f6l\u00e7\u00fcm\u00fc 708 km2 dir. 39 derece 35 enlem dairelerine 27 derece 01 boylam daireleri aras\u0131nda yer al\u0131r. E&nbsp; 87 karayolu \u00fczerinde bulunan Edremit\u2019in deniz seviyesinden y\u00fcksekli\u011fi 16_25 metredir. \u0130l\u00e7enin 15 mahallesi, 5 beldesi ve 20 k\u00f6y\u00fc vard\u0131r.<\/p>\n\n\n\n<p>Bat\u0131da ege denizi, Ayvac\u0131k ve Ezine il\u00e7esi, kuzeyde Bayrami\u00e7 ve yenice il\u00e7eleri, do\u011fuda havran il\u00e7esi, g\u00fcneyde ise Burhaniye il\u00e7eleri ile \u00e7evrilidir.<\/p>\n\n\n\n<h3 class=\"wp-block-heading\">Yer \u015eekilleri<\/h3>\n\n\n\n<p>Edremit k\u00f6rfezi ve Edremit ovas\u0131 bir \u00e7\u00f6k\u00fcnt\u00fc sahas\u0131d\u0131r. Edremit ovas\u0131n\u0131n tamam\u0131 al\u00fcvyonlarla kapl\u0131d\u0131r. Topraktaki al\u00fcvyon kal\u0131nl\u0131\u011f\u0131 ovay\u0131 verimli hala getirmi\u015ftir.<\/p>\n\n\n\n<p>Y\u00f6redeki en verimli y\u00fckseklik; 1767 m y\u00fckseklikteki kazda\u011flar\u0131\u2019d\u0131r. Kazda\u011f\u0131 \u00fczerindeki \u00f6nemli tepeler; sar\u0131k\u0131z, k\u0131rklar, Babada\u011f, Ko\u00e7ara ve dumanl\u0131 tepe olarak an\u0131lan Karata\u015f tepeleridir. Kazda\u011f\u0131 milli park\u0131, tarihi ve do\u011fay\u0131 i\u00e7 i\u00e7e ya\u015fatan e\u015fsiz g\u00fczelliklerdendir. Y\u00fckseklik bak\u0131m\u0131ndan kazda\u011flar\u0131\u2019ndan sonra 1460 m y\u00fckseklikle musluk da\u011flar\u0131 ve 1298 m y\u00fckseklikle Eybek da\u011f\u0131 gelir.<\/p>\n\n\n\n<p>Y\u00fcksek oksijen kayna\u011f\u0131 ve \u00e7e\u015fitli biyolojik zenginlikleriyle y\u00fcr\u00fcy\u00fc\u015f, da\u011fc\u0131l\u0131k gibi ac\u0131k hava sporlar\u0131n\u0131n merkezi haline gelen do\u011fal ya\u015fam alanlar\u0131, g\u00fcn\u00fc birlik turlar ile \u015fehrin stresinden kurtulmak isteyenler i\u00e7in de idealdir.<\/p>\n\n\n\n<p>Kaynak \/ <strong><em>Edremit Belediyesi <\/em><\/strong><\/p>\n\n\n\n<p><\/p>\n","protected":false},"excerpt":{"rendered":"<p>Edremit\u2019in Co\u011frafi Konumu Edremit Marmara b\u00f6lgesinin g\u00fcney b\u00f6l\u00fcm\u00fcnde yer alan Bal\u0131kesir ilinin il\u00e7elerinden biridir. Edremit k\u00f6rfezi ile kaz da\u011flar\u0131 aras\u0131nda ege b\u00f6lgesi sahillerine kurulmu\u015f olan yerle\u015fimin y\u00fcz \u00f6l\u00e7\u00fcm\u00fc 708 km2 dir. 39 derece 35 enlem dairelerine 27 derece 01 boylam daireleri aras\u0131nda yer al\u0131r. E&nbsp; 87 karayolu \u00fczerinde bulunan Edremit\u2019in deniz seviyesinden y\u00fcksekli\u011fi 16_25 metredir. [&hellip;]<\/p>\n","protected":false},"author":1,"featured_media":873,"parent":0,"menu_order":0,"comment_status":"closed","ping_status":"closed","template":"pages\/page-crew.php","meta":{"footnotes":""},"class_list":["post-871","page","type-page","status-publish","has-post-thumbnail","hentry"],"_links":{"self":[{"href":"https:\/\/www.edremittarihi.com\/index.php\/wp-json\/wp\/v2\/pages\/871","targetHints":{"allow":["GET"]}}],"collection":[{"href":"https:\/\/www.edremittarihi.com\/index.php\/wp-json\/wp\/v2\/pages"}],"about":[{"href":"https:\/\/www.edremittarihi.com\/index.php\/wp-json\/wp\/v2\/types\/page"}],"author":[{"embeddable":true,"href":"https:\/\/www.edremittarihi.com\/index.php\/wp-json\/wp\/v2\/users\/1"}],"replies":[{"embeddable":true,"href":"https:\/\/www.edremittarihi.com\/index.php\/wp-json\/wp\/v2\/comments?post=871"}],"version-history":[{"count":2,"href":"https:\/\/www.edremittarihi.com\/index.php\/wp-json\/wp\/v2\/pages\/871\/revisions"}],"predecessor-version":[{"id":875,"href":"https:\/\/www.edremittarihi.com\/index.php\/wp-json\/wp\/v2\/pages\/871\/revisions\/875"}],"wp:featuredmedia":[{"embeddable":true,"href":"https:\/\/www.edremittarihi.com\/index.php\/wp-json\/wp\/v2\/media\/873"}],"wp:attachment":[{"href":"https:\/\/www.edremittarihi.com\/index.php\/wp-json\/wp\/v2\/media?parent=871"}],"curies":[{"name":"wp","href":"https:\/\/api.w.org\/{rel}","templated":true}]}}