{"id":843,"date":"2025-04-18T00:16:01","date_gmt":"2025-04-17T21:16:01","guid":{"rendered":"https:\/\/www.edremittarihi.com\/?page_id=843"},"modified":"2025-05-18T21:44:44","modified_gmt":"2025-05-18T18:44:44","slug":"paydaslarimiz","status":"publish","type":"page","link":"https:\/\/www.edremittarihi.com\/index.php\/paydaslarimiz\/","title":{"rendered":"Payda\u015flar\u0131m\u0131z"},"content":{"rendered":"\n<p>Payda\u015flar\u0131m\u0131za verdikleri destekler i\u00e7in sonsuz te\u015fekk\u00fcrlerimizi sunuyoruz.<\/p>\n\n\n\n<figure class=\"wp-block-gallery has-nested-images columns-default wp-block-gallery-1 is-layout-flex wp-block-gallery-is-layout-flex\">\n<figure class=\"wp-block-image size-full\"><img loading=\"lazy\" decoding=\"async\" width=\"390\" height=\"65\" data-id=\"789\" src=\"https:\/\/www.edremittarihi.com\/wp-content\/uploads\/2025\/04\/edrokaymakam.png\" alt=\"\" class=\"wp-image-789\" srcset=\"https:\/\/www.edremittarihi.com\/wp-content\/uploads\/2025\/04\/edrokaymakam.png 390w, https:\/\/www.edremittarihi.com\/wp-content\/uploads\/2025\/04\/edrokaymakam-300x50.png 300w\" sizes=\"auto, (max-width: 390px) 100vw, 390px\" \/><\/figure>\n\n\n\n<figure class=\"wp-block-image size-thumbnail\"><img loading=\"lazy\" decoding=\"async\" width=\"150\" height=\"150\" data-id=\"787\" src=\"https:\/\/www.edremittarihi.com\/wp-content\/uploads\/2025\/04\/edrobelediye-150x150.png\" alt=\"\" class=\"wp-image-787\" srcset=\"https:\/\/www.edremittarihi.com\/wp-content\/uploads\/2025\/04\/edrobelediye-150x150.png 150w, https:\/\/www.edremittarihi.com\/wp-content\/uploads\/2025\/04\/edrobelediye-300x300.png 300w, https:\/\/www.edremittarihi.com\/wp-content\/uploads\/2025\/04\/edrobelediye.png 512w\" sizes=\"auto, (max-width: 150px) 100vw, 150px\" \/><\/figure>\n\n\n\n<figure class=\"wp-block-image size-thumbnail\"><img loading=\"lazy\" decoding=\"async\" width=\"150\" height=\"150\" data-id=\"1314\" src=\"https:\/\/www.edremittarihi.com\/wp-content\/uploads\/2025\/05\/edremitilcemem-150x150.png\" alt=\"\" class=\"wp-image-1314\" srcset=\"https:\/\/www.edremittarihi.com\/wp-content\/uploads\/2025\/05\/edremitilcemem-150x150.png 150w, https:\/\/www.edremittarihi.com\/wp-content\/uploads\/2025\/05\/edremitilcemem-300x300.png 300w, https:\/\/www.edremittarihi.com\/wp-content\/uploads\/2025\/05\/edremitilcemem-1024x1024.png 1024w, https:\/\/www.edremittarihi.com\/wp-content\/uploads\/2025\/05\/edremitilcemem-768x768.png 768w, https:\/\/www.edremittarihi.com\/wp-content\/uploads\/2025\/05\/edremitilcemem.png 1280w\" sizes=\"auto, (max-width: 150px) 100vw, 150px\" \/><\/figure>\n\n\n\n<figure class=\"wp-block-image size-thumbnail\"><img loading=\"lazy\" decoding=\"async\" width=\"150\" height=\"150\" data-id=\"783\" src=\"https:\/\/www.edremittarihi.com\/wp-content\/uploads\/2025\/04\/tubitak-logo-150x150.jpeg\" alt=\"\" class=\"wp-image-783\"\/><\/figure>\n\n\n\n<figure class=\"wp-block-image size-thumbnail\"><img loading=\"lazy\" decoding=\"async\" width=\"150\" height=\"150\" data-id=\"778\" src=\"https:\/\/www.edremittarihi.com\/wp-content\/uploads\/2025\/04\/logo-150x150.png\" alt=\"\" class=\"wp-image-778\"\/><\/figure>\n\n\n\n<figure class=\"wp-block-image size-thumbnail\"><img loading=\"lazy\" decoding=\"async\" width=\"150\" height=\"150\" data-id=\"785\" src=\"https:\/\/www.edremittarihi.com\/wp-content\/uploads\/2025\/04\/milliteknoloji-150x150.jpeg\" alt=\"\" class=\"wp-image-785\" srcset=\"https:\/\/www.edremittarihi.com\/wp-content\/uploads\/2025\/04\/milliteknoloji-150x150.jpeg 150w, https:\/\/www.edremittarihi.com\/wp-content\/uploads\/2025\/04\/milliteknoloji-300x300.jpeg 300w, https:\/\/www.edremittarihi.com\/wp-content\/uploads\/2025\/04\/milliteknoloji.jpeg 400w\" sizes=\"auto, (max-width: 150px) 100vw, 150px\" \/><\/figure>\n\n\n\n<figure class=\"wp-block-image size-thumbnail\"><img loading=\"lazy\" decoding=\"async\" width=\"150\" height=\"150\" data-id=\"814\" src=\"https:\/\/www.edremittarihi.com\/wp-content\/uploads\/2025\/04\/tubitakdesteklogo-150x150.jpeg\" alt=\"\" class=\"wp-image-814\" srcset=\"https:\/\/www.edremittarihi.com\/wp-content\/uploads\/2025\/04\/tubitakdesteklogo-150x150.jpeg 150w, https:\/\/www.edremittarihi.com\/wp-content\/uploads\/2025\/04\/tubitakdesteklogo-300x300.jpeg 300w, https:\/\/www.edremittarihi.com\/wp-content\/uploads\/2025\/04\/tubitakdesteklogo-1024x1024.jpeg 1024w, https:\/\/www.edremittarihi.com\/wp-content\/uploads\/2025\/04\/tubitakdesteklogo-768x768.jpeg 768w, https:\/\/www.edremittarihi.com\/wp-content\/uploads\/2025\/04\/tubitakdesteklogo.jpeg 1190w\" sizes=\"auto, (max-width: 150px) 100vw, 150px\" \/><\/figure>\n<\/figure>\n\n\n<div class=\"singleHeading\">\n\t<div class=\"inner\">\n\t\t<span class=\"safiricon icon\"><svg class=\"safiricon-anlasma\"><use href=\"#safiricon-anlasma\"><\/use><\/svg><\/span>\t\t<div class=\"text\">Payda\u015flar\u0131m\u0131z<\/div>\n\t<\/div>\n<\/div>\n\n\n<div class=\"safir-list\" data-col=\"4\"><ul class=\"wp-block-list\">\n<li><a href=\"http:\/\/www.balikesir-edremit.gov.tr\/\" target=\"_blank\" rel=\"noreferrer noopener\">T.C. Edremit Kaymakaml\u0131\u011f\u0131<\/a><\/li>\n\n\n\n<li><a href=\"https:\/\/www.edremit.bel.tr\/\" target=\"_blank\" rel=\"noreferrer noopener\">Edremit Belediyesi<\/a><\/li>\n\n\n\n<li><a href=\"https:\/\/edremit10.meb.gov.tr\/\" target=\"_blank\" rel=\"noreferrer noopener\">Edremit \u0130l\u00e7e Milli E\u011fitim M\u00fcd\u00fcrl\u00fc\u011f\u00fc<\/a><\/li>\n\n\n\n<li><a href=\"https:\/\/edremiteml.meb.k12.tr\/\" target=\"_blank\" rel=\"noreferrer noopener\">Edremit Mesleki ve Teknik Anadolu Lisesi<\/a><\/li>\n\n\n\n<li><a href=\"https:\/\/tubitak.gov.tr\/tr\" target=\"_blank\" rel=\"noreferrer noopener nofollow\">T\u00dcB\u0130TAK<\/a><\/li>\n\n\n\n<li><a href=\"https:\/\/balikesir.ktb.gov.tr\/\" data-type=\"link\" data-id=\"https:\/\/balikesir.ktb.gov.tr\/\" target=\"_blank\" rel=\"noreferrer noopener\">Bal\u0131kesir \u0130l K\u00fclt\u00fcr ve Turizm M\u00fcd\u00fcrl\u00fc\u011f\u00fc<\/a><\/li>\n<\/ul><\/div>\n\n\n\n<p><\/p>\n","protected":false},"excerpt":{"rendered":"<p>Payda\u015flar\u0131m\u0131za verdikleri destekler i\u00e7in sonsuz te\u015fekk\u00fcrlerimizi sunuyoruz.<\/p>\n","protected":false},"author":1,"featured_media":0,"parent":0,"menu_order":0,"comment_status":"closed","ping_status":"closed","template":"pages\/page-references.php","meta":{"footnotes":""},"class_list":["post-843","page","type-page","status-publish","hentry"],"_links":{"self":[{"href":"https:\/\/www.edremittarihi.com\/index.php\/wp-json\/wp\/v2\/pages\/843","targetHints":{"allow":["GET"]}}],"collection":[{"href":"https:\/\/www.edremittarihi.com\/index.php\/wp-json\/wp\/v2\/pages"}],"about":[{"href":"https:\/\/www.edremittarihi.com\/index.php\/wp-json\/wp\/v2\/types\/page"}],"author":[{"embeddable":true,"href":"https:\/\/www.edremittarihi.com\/index.php\/wp-json\/wp\/v2\/users\/1"}],"replies":[{"embeddable":true,"href":"https:\/\/www.edremittarihi.com\/index.php\/wp-json\/wp\/v2\/comments?post=843"}],"version-history":[{"count":26,"href":"https:\/\/www.edremittarihi.com\/index.php\/wp-json\/wp\/v2\/pages\/843\/revisions"}],"predecessor-version":[{"id":1315,"href":"https:\/\/www.edremittarihi.com\/index.php\/wp-json\/wp\/v2\/pages\/843\/revisions\/1315"}],"wp:attachment":[{"href":"https:\/\/www.edremittarihi.com\/index.php\/wp-json\/wp\/v2\/media?parent=843"}],"curies":[{"name":"wp","href":"https:\/\/api.w.org\/{rel}","templated":true}]}}