{"id":760,"date":"2025-04-16T00:26:51","date_gmt":"2025-04-15T21:26:51","guid":{"rendered":"https:\/\/www.edremittarihi.com\/?page_id=760"},"modified":"2025-05-02T21:10:09","modified_gmt":"2025-05-02T18:10:09","slug":"kentin-tarihcesi","status":"publish","type":"page","link":"https:\/\/www.edremittarihi.com\/index.php\/kentin-tarihcesi\/","title":{"rendered":"Kentin Tarih\u00e7esi"},"content":{"rendered":"\n<figure class=\"wp-block-image size-full\"><img loading=\"lazy\" decoding=\"async\" width=\"1280\" height=\"790\" src=\"https:\/\/www.edremittarihi.com\/wp-content\/uploads\/2025\/04\/edro.webp\" alt=\"\" class=\"wp-image-756\" srcset=\"https:\/\/www.edremittarihi.com\/wp-content\/uploads\/2025\/04\/edro.webp 1280w, https:\/\/www.edremittarihi.com\/wp-content\/uploads\/2025\/04\/edro-300x185.webp 300w, https:\/\/www.edremittarihi.com\/wp-content\/uploads\/2025\/04\/edro-1024x632.webp 1024w, https:\/\/www.edremittarihi.com\/wp-content\/uploads\/2025\/04\/edro-768x474.webp 768w\" sizes=\"auto, (max-width: 1280px) 100vw, 1280px\" \/><\/figure>\n\n\n\n<p><\/p>\n\n\n\n<h3 class=\"wp-block-heading\">Tarih \u00d6ncesi \u00c7a\u011f\u2019da Edremit Ve \u00c7evresi<\/h3>\n\n\n\n<p>Edremit K\u00f6rfezi ve \u00e7evresinde tespit edilen en eski yerle\u015fim izleri M\u00d6 50.000 tarihine kadar geri gitmektedir. B\u00f6lgemizin tarih \u00f6ncesi k\u00fclt\u00fcr\u00fcn\u00fcn ayd\u0131nlanmas\u0131nda rol oynayan en \u00f6nemli yer Havran il\u00e7esinin 8 km. g\u00fcneydo\u011fusunda yer alan \u0130n\u00f6n\u00fc ma\u011faralar\u0131d\u0131r. Koca\u00e7al tepesinin g\u00fcney yama\u00e7lar\u0131nda yer alan ma\u011faralardan en b\u00fcy\u00fc\u011f\u00fc olan Karanl\u0131k ma\u011farada yap\u0131lan kaz\u0131 \u00e7al\u0131\u015fmas\u0131nda&nbsp;ortaya \u00e7\u0131kar\u0131lan bulgular, Yontmata\u015f \u00c7a\u011f\u2019\u0131na kadar geri gitmektedir.<\/p>\n\n\n\n<h3 class=\"wp-block-heading\">Adramytteion<\/h3>\n\n\n\n<p>Eski Edremit \u015fehri bug\u00fcnk\u00fc Burhaniye il\u00e7esinin iki kilometre kadar bat\u0131s\u0131nda, deniz k\u0131y\u0131s\u0131nda bulunan Karata\u015f mevkiindeki \u00d6ren Tepe ve \u00e7evresinde kurulmu\u015ftur.&nbsp;Toprak \u00fcst\u00fcnde yer alan kal\u0131nt\u0131lar \u0131\u015f\u0131\u011f\u0131nda b\u00f6lgenin etraf\u0131 surlarla \u00e7evrili bir yerle\u015fim alan\u0131 oldu\u011fu anla\u015f\u0131lmaktad\u0131r. \u00dcnl\u00fc Romal\u0131 co\u011frafyac\u0131 Strabon\u2019un \u201cGeographika\u201d adl\u0131 eserinde \u201c\u2026 ve Eueonos (Havran \u00c7ay\u0131) nehrine gelinir; bu nehir kentten Adramytteionlular\u0131n yapm\u0131\u015f oldu\u011fu su yoluna ula\u015f\u0131l\u0131r\u201d \u015feklindeki tasviri kentin konumunu do\u011frulamaktad\u0131r.<\/p>\n\n\n\n<p>Antik \u00c7a\u011f\u2019da Mysia olarak adland\u0131r\u0131lan b\u00f6lgenin \u00f6nemli kentlerinden biri olan Adramytteion\u2019un kurulu\u015fu Troia (Truva) Sava\u015f\u0131\u2019ndan \u00f6ncesine; M\u00d6 1500\u2019l\u00fc y\u0131llara kadar uzanmaktad\u0131r. Bir g\u00f6r\u00fc\u015fe g\u00f6re kentin ilk sahipleri yerli Anadolu halklar\u0131ndan biri olan Pelasglard\u0131r. Bir di\u011fer g\u00f6r\u00fc\u015f kentin yerli halk\u0131n\u0131n Lelegler oldu\u011fudur. Adramytteion M\u00d6 1250 civar\u0131nda ger\u00e7ekle\u015fen Troia Sava\u015f\u0131\u2019na k\u00f6rfezin di\u011fer antik kentleri Thebe, Lyrnessos ve Pedasos ile birlikte Troial\u0131lar\u0131n yan\u0131nda kat\u0131lm\u0131\u015flard\u0131r.<\/p>\n\n\n\n<p>M\u00d6 7. y\u00fczy\u0131l\u0131n sonunda Bat\u0131 Anadolu kentlerinin hemen hemen tamam\u0131na hakim olan Lydial\u0131lar d\u00f6neminde Adramytteion kenti yeniden imar edilir. Kentin yeniden imar\u0131n\u0131 Lydia Kral\u0131 Kroisos\u2019un karde\u015fi Adramys\u2019in \u00fcstlendi\u011fi, kente Deloslular\u2019\u0131n yerle\u015ftirildi\u011fi Strabon taraf\u0131ndan belirtilmi\u015ftir. M\u00d6 546 y\u0131l\u0131nda Lydia Kral\u0131 Kroisos\u2019un Perslerle yapt\u0131\u011f\u0131 sava\u015f\u0131 a\u011f\u0131r bi\u00e7imde kaybetmesi neticesinde Adramytteion da t\u00fcm Anadolu kentleri gibi yakla\u015f\u0131k 250 y\u0131l s\u00fcren Pers egemenli\u011fi alt\u0131na girmi\u015ftir.<\/p>\n\n\n\n<p>Adramytteion kentine dair ilk yaz\u0131l\u0131 kaynaklar da bu d\u00f6nemde ortaya \u00e7\u0131km\u0131\u015ft\u0131r. \u201cTarihin babas\u0131\u201d olarak adland\u0131r\u0131lan Herodotos\u2019un \u00fcnl\u00fc eseri Historia\u2019da ismi ge\u00e7en kent; Pers Kral\u0131 Kserkses\u2019in Yunanistan\u2019a yapt\u0131\u011f\u0131 sefer s\u0131ras\u0131nda ge\u00e7ti\u011fi g\u00fczergah \u00fczerinde bulunmaktayd\u0131. \u201c\u2026 Ordu, Lydia\u2019dan Kaikos \u0131rma\u011f\u0131na ve Mysia\u2019ya y\u00f6nelmi\u015fti; Kaikos\u2019u ge\u00e7tikten sonra Kane Da\u011f\u0131\u2019n\u0131 sola alarak Atarneos i\u00e7inden Karene kentine do\u011fru y\u00fcr\u00fcd\u00fc. Bu kentten sonra Adramytteion kentini ve Pelasg sitesi Antandros\u2019u ge\u00e7erek Thebe ovas\u0131na indi. \u0130da Da\u011f\u0131\u2019n\u0131 soluna alarak Troia topraklar\u0131na ge\u00e7ti\u201d.<\/p>\n\n\n\n<p>Yunan kentlerinin aras\u0131nda \u00e7\u0131kan ve yakla\u015f\u0131k 35 sene s\u00fcren i\u00e7 sava\u015fta ortaya \u00e7\u0131kan kaos s\u0131ras\u0131nda Atinal\u0131lar\u0131n taraf\u0131nda sava\u015fta yer alan Adramytteion, Pers satrab\u0131 Arsas taraf\u0131ndan cezaland\u0131r\u0131l\u0131r. B\u00fcy\u00fck bir katliam\u0131n ger\u00e7ekle\u015fti\u011fi kente, daha sonra Sardes\u2019ten getirilen g\u00f6\u00e7menler yerle\u015ftirilir. Bu olaylardan sonra ise, ayn\u0131 sava\u015f d\u00f6nemi i\u00e7erisinde Atinal\u0131lar taraf\u0131ndan yurtlar\u0131ndan s\u00fcr\u00fclen Deloslular, Pers satrab\u0131 Pharnakes taraf\u0131ndan Adramytteion kentine yerle\u015ftirilir ve vatanda\u015fl\u0131k hakk\u0131 tan\u0131n\u0131r.<\/p>\n\n\n\n<p>Pers hakimiyeti M\u00d6 334 y\u0131l\u0131nda B\u00fcy\u00fck \u0130skender\u2019in Persleri yendi\u011fi Granikos sava\u015f\u0131yla son bulur. B\u00fcy\u00fck \u0130skender\u2019in ani \u00f6l\u00fcm\u00fcyle \u00f6nce&nbsp;\u0130skender\u2019in komutanlar\u0131ndan Lysimakhos taraf\u0131ndan, daha sonra Antiochos taraf\u0131ndan ilhak edilen Adramytteion kenti; M\u00d6 4. y\u00fczy\u0131l\u0131n sonlar\u0131nda Bergama Krall\u0131\u011f\u0131\u2019na ba\u011flanm\u0131\u015ft\u0131r.<\/p>\n\n\n\n<p>Perslerden sonra Romal\u0131lar\u0131n eline ge\u00e7en \u015fehir daha sonra Karesi Beyli\u011fi&#8217;nin gemilerine liman olmu\u015ftur. Osmanl\u0131 d\u00f6neminde donanman\u0131n \u00f6nemli tersaneleri buraya kurulmu\u015ftur. Y\u00f6renin insanlar\u0131 \u00f6nceleri Akdeniz&#8217;de T\u00fcrk korsan\u0131 olarak, daha sonra Osmanl\u0131 donanmas\u0131nda \u00f6nemli g\u00f6revler \u00fcstlenmi\u015ftir. Tunus Beylerbeyi Salih Reis bunlardan birisidir.<\/p>\n\n\n\n<p>Kurtulu\u015f sava\u015f\u0131 d\u00f6neminde Kuvay-\u0131 Milliye hareketlerinin ba\u015flad\u0131\u011f\u0131 ilk y\u00f6relerin ba\u015f\u0131nda Edremit gelir. Ba\u015fta Kaymakam \u015eehit Hamdibey ve baz\u0131 e\u015fraf ki\u015filer komiteler kurmu\u015flar, i\u015fgal kuvvetleri ile zaman zaman silahl\u0131 \u00e7at\u0131\u015fmada bulunmu\u015flard\u0131r, Ayval\u0131k ve Dikili cephelerinin kurtar\u0131lmas\u0131nda \u00f6nderlik etmi\u015flerdir. \u015eehir Dokuz Eyl\u00fcl 1922de b\u00fcy\u00fck bir m\u00fccadele sonunda Yunanlardan kurtar\u0131lm\u0131\u015ft\u0131r.<\/p>\n\n\n\n<p>Kaynak \/ <strong><em>Edremit Belediyesi <\/em><\/strong><\/p>\n","protected":false},"excerpt":{"rendered":"<p>Tarih \u00d6ncesi \u00c7a\u011f\u2019da Edremit Ve \u00c7evresi Edremit K\u00f6rfezi ve \u00e7evresinde tespit edilen en eski yerle\u015fim izleri M\u00d6 50.000 tarihine kadar geri gitmektedir. B\u00f6lgemizin tarih \u00f6ncesi k\u00fclt\u00fcr\u00fcn\u00fcn ayd\u0131nlanmas\u0131nda rol oynayan en \u00f6nemli yer Havran il\u00e7esinin 8 km. g\u00fcneydo\u011fusunda yer alan \u0130n\u00f6n\u00fc ma\u011faralar\u0131d\u0131r. Koca\u00e7al tepesinin g\u00fcney yama\u00e7lar\u0131nda yer alan ma\u011faralardan en b\u00fcy\u00fc\u011f\u00fc olan Karanl\u0131k ma\u011farada yap\u0131lan kaz\u0131 [&hellip;]<\/p>\n","protected":false},"author":1,"featured_media":756,"parent":0,"menu_order":0,"comment_status":"closed","ping_status":"closed","template":"pages\/page-crew.php","meta":{"footnotes":""},"class_list":["post-760","page","type-page","status-publish","has-post-thumbnail","hentry"],"_links":{"self":[{"href":"https:\/\/www.edremittarihi.com\/index.php\/wp-json\/wp\/v2\/pages\/760","targetHints":{"allow":["GET"]}}],"collection":[{"href":"https:\/\/www.edremittarihi.com\/index.php\/wp-json\/wp\/v2\/pages"}],"about":[{"href":"https:\/\/www.edremittarihi.com\/index.php\/wp-json\/wp\/v2\/types\/page"}],"author":[{"embeddable":true,"href":"https:\/\/www.edremittarihi.com\/index.php\/wp-json\/wp\/v2\/users\/1"}],"replies":[{"embeddable":true,"href":"https:\/\/www.edremittarihi.com\/index.php\/wp-json\/wp\/v2\/comments?post=760"}],"version-history":[{"count":4,"href":"https:\/\/www.edremittarihi.com\/index.php\/wp-json\/wp\/v2\/pages\/760\/revisions"}],"predecessor-version":[{"id":870,"href":"https:\/\/www.edremittarihi.com\/index.php\/wp-json\/wp\/v2\/pages\/760\/revisions\/870"}],"wp:featuredmedia":[{"embeddable":true,"href":"https:\/\/www.edremittarihi.com\/index.php\/wp-json\/wp\/v2\/media\/756"}],"wp:attachment":[{"href":"https:\/\/www.edremittarihi.com\/index.php\/wp-json\/wp\/v2\/media?parent=760"}],"curies":[{"name":"wp","href":"https:\/\/api.w.org\/{rel}","templated":true}]}}