{"id":745,"date":"2025-04-15T23:36:51","date_gmt":"2025-04-15T20:36:51","guid":{"rendered":"https:\/\/www.edremittarihi.com\/?page_id=745"},"modified":"2025-05-02T21:09:36","modified_gmt":"2025-05-02T18:09:36","slug":"edremit-tanitim","status":"publish","type":"page","link":"https:\/\/www.edremittarihi.com\/index.php\/edremit-tanitim\/","title":{"rendered":"Edremit Tan\u0131t\u0131m"},"content":{"rendered":"\n<figure class=\"wp-block-image size-full\"><img loading=\"lazy\" decoding=\"async\" width=\"1280\" height=\"806\" src=\"https:\/\/www.edremittarihi.com\/wp-content\/uploads\/2025\/04\/edro_tanitim.webp\" alt=\"\" class=\"wp-image-764\" srcset=\"https:\/\/www.edremittarihi.com\/wp-content\/uploads\/2025\/04\/edro_tanitim.webp 1280w, https:\/\/www.edremittarihi.com\/wp-content\/uploads\/2025\/04\/edro_tanitim-300x189.webp 300w, https:\/\/www.edremittarihi.com\/wp-content\/uploads\/2025\/04\/edro_tanitim-1024x645.webp 1024w, https:\/\/www.edremittarihi.com\/wp-content\/uploads\/2025\/04\/edro_tanitim-768x484.webp 768w\" sizes=\"auto, (max-width: 1280px) 100vw, 1280px\" \/><\/figure>\n\n\n\n<p><\/p>\n\n\n\n<p>Termal, da\u011f ve deniz turizminin bir arada ya\u015fand\u0131\u011f\u0131 Edremit, ba\u011fl\u0131 oldu\u011fu Bal\u0131kesir ilinin b\u00fcy\u00fck\u015fehir olmas\u0131yla birlikte, 150 bin n\u00fcfuslu bir il\u00e7e haline gelmi\u015ftir. Kara yolu, deniz yolu ve hava yolu ile ula\u015f\u0131m\u0131n m\u00fcmk\u00fcn oldu\u011fu il\u00e7emizde, Koca Seyit Havaliman\u0131\u2019ndan uluslararas\u0131 tarifeli yurtd\u0131\u015f\u0131 u\u00e7u\u015flar\u0131n\u0131n da ger\u00e7ekle\u015fiyor olmas\u0131, il\u00e7e olarak vizyonumuzu geni\u015fletmi\u015f ve kap\u0131lar\u0131m\u0131z\u0131 d\u00fcnyaya a\u00e7m\u0131\u015ft\u0131r.<\/p>\n\n\n\n<p>Sahip oldu\u011fumuz Edremit-Alt\u0131noluk k\u0131y\u0131 b\u00f6lgemiz, geni\u015f koylar\u0131, kumsallar\u0131 ve mavi bayrakl\u0131 deniziyle, yaz d\u00f6nemi s\u00fcresince D\u00fcnya\u2019n\u0131n d\u00f6rt bir yan\u0131ndan gelen turistleri misa\ufb01r etmektedir. Tarih ve do\u011fa tutkunlar\u0131n\u0131n d\u00f6rt d\u00f6rtl\u00fck bir gezi se\u00e7ene\u011fi olu\u015fturan Kazda\u011flar\u0131 ise, y\u0131l\u0131n 12 ay\u0131 boyunca de\u011fi\u015fik aktivitelerle da\u011f turizminin ya\u015fand\u0131\u011f\u0131 bir cennettir. Edremit, jeotermal kaynaklar bak\u0131m\u0131ndan da \u00e7ok zengindir ve olduk\u00e7a \u015fifal\u0131 olan kapl\u0131ca sular\u0131na sahiptir. \u0130l\u00e7emiz, modern \u00fcnitelerden olu\u015fan kaliteli termal otel ve devre m\u00fclk tesisleriyle, y\u0131l\u0131n her mevsiminde termal turizmiyle \u00f6n plandad\u0131r.<br>Tarihi, k\u00fclt\u00fcrel de\u011ferleri, s\u0131cak su kaynaklar\u0131 ve do\u011fal g\u00fczellikleriyle Kuzey Ege\u2019nin en pop\u00fcler tatil merkezi olan Edremit\u2019i sizlerin de g\u00f6rmesini ister, cennetimizde keyi\ufb02i ve e\u011flenceli bir tatil dileriz.<\/p>\n\n\n\n<p>Kaynak \/ <strong><em>Edremit Belediyesi <\/em><\/strong><\/p>\n\n\n\n<hr class=\"wp-block-separator has-alpha-channel-opacity\"\/>\n\n\n\n<p>\u0130l\u00e7e, Ege B\u00f6lgesi\u2019nin kuzeyinde-\u00c7anakkale-\u0130zmir karayolunun \u00fcst\u00fcnde Edremit K\u00f6rfezi\u2019 nden 8 km. i\u00e7eride kurulmu\u015ftur. \u0130zmir\u2019e 200 km. ve \u00c7anakkale\u2019ye 135 km. uzakl\u0131ktad\u0131r. Edremit bir ticaret merkezi olup zeytin ve zeytinya\u011f\u0131 ba\u015fta olmak \u00fczere bir\u00e7ok \u00fcr\u00fcn bulunmaktad\u0131r.<\/p>\n\n\n\n<p>Eski Edremit ;Adramut, Adramyttion, Landramytti, Edremittin gibi \u00e7e\u015fitli adlarla an\u0131lm\u0131\u015ft\u0131r.Kent Lidya Kral\u0131 Krez\u00fcs\u2019\u00fcn eline ge\u00e7ti\u011finde karde\u015fi Adremis taraf\u0131ndan yeniden&nbsp;yapt\u0131r\u0131l\u0131p s\u00fcslenir ve onun ad\u0131n\u0131 al\u0131r. Eski Edremit kenti, M.\u00d6.548\u2019de Perslerin, 422\u2019de Deloluslar\u0131n, 334\u2019de \u0130skender\u2019in,132\u2019de Romal\u0131lar\u0131n eline ge\u00e7er.Burada yap\u0131lan tersanelerde b\u00fcy\u00fck gemiler yap\u0131l\u0131r.M.S. 600 y\u0131l\u0131nda Adli te\u015fkilat\u0131n merkezi olur.1076\u2019da Sel\u00e7uk Sultan\u0131 S\u00fcleyman \u015eah\u2019\u0131n h\u00fccumuna u\u011frar, halk \u00e7evreye da\u011f\u0131l\u0131r.1099\u2019da Edremit ve civar\u0131 Bizans \u0130mparatoru Aleksi Kommen\u2019in eline ge\u00e7er. Edremit\u2019in T\u00fcrklerin eline ge\u00e7mesi \u00fc\u00e7 ayr\u0131 koldan ger\u00e7ekle\u015ftirilen m\u00fccadeleler sonucu olur. Sonu\u00e7ta T\u00fcrk ak\u0131nc\u0131lar\u0131n\u0131n komutan\u0131 Yusuf Sinan \u015fehrin anahtar\u0131n\u0131 al\u0131r ve bir hamam ile cami yapt\u0131r\u0131r (Kur\u015funlu Camii). Osmanl\u0131 d\u00f6neminde ise Edremit ve Ak\u00e7ay\u2019daki tersanelerde, Kazda\u011flar\u0131ndan elde edilen kerestelerle gemiler yap\u0131l\u0131r. Midilli Adas\u0131n\u0131n al\u0131nmas\u0131nda Edremit K\u00f6rfezi k\u0131y\u0131lar\u0131nda bir \u00e7ok kahraman denizciler yeti\u015fmi\u015ftir. 9 Eyl\u00fcl 1922 tarihinde Edremit tam ba\u011f\u0131ms\u0131zl\u0131\u011f\u0131na kavu\u015fmu\u015ftur.<\/p>\n\n\n\n<p>\u0130l\u00e7emizde; K\u0131z\u0131lke\u00e7ili \u00c7ay\u0131, Zeytinli \u00c7ay\u0131, Edremit \u00c7ay\u0131 bulunmaktad\u0131r. Deniz seviyesinden 500 m.&nbsp; ye kadar genel olarak&nbsp; zeytin a\u011fa\u00e7lar\u0131 sonra k\u0131z\u0131l\u00e7am ve sar\u0131\u00e7am ormanlar\u0131 kapl\u0131d\u0131r.&nbsp; Babada\u011f\u2019\u0131n kuzeydo\u011fu yama\u00e7lar\u0131nda ve 1000-1500 m y\u00fcksekliklerde son derece de\u011ferli olan sadece bu b\u00f6lgeye \u00f6zg\u00fc Kazda\u011f\u0131 G\u00f6knarlar\u0131 mevcuttur.<\/p>\n\n\n\n<p>\u0130l\u00e7ede meyve ve sebze yeti\u015ftiricili\u011fi geli\u015fmi\u015ftir. Ayr\u0131ca pancar, m\u0131s\u0131r, bu\u011fday,elma ve pamuk yeti\u015ftirilir. Ak\u00e7ay ve Alt\u0131noluk \u2018da bal\u0131k\u00e7\u0131l\u0131k \u00f6nemli yer tutar.<\/p>\n\n\n\n<p>\u0130l\u00e7e ekonomisinde&nbsp;<strong>Kazda\u011flar\u0131 Milli Park\u0131, Alt\u0131noluk, G\u00fcre, Zeytinli &nbsp;ve Ak\u00e7ay<\/strong>&nbsp;\u00f6nemli bir turizm potansiyeline sahiptir.<\/p>\n\n\n\n<p>Edremit \u2013 Merkez ve Ak\u00e7ay otogar\u0131ndan yurdun \u00e7e\u015fitli y\u00f6relerine otob\u00fcs ve minib\u00fcs ile ula\u015f\u0131m sa\u011flanmaktad\u0131r.<\/p>\n\n\n\n<p>Edremit\u2019ten yakla\u015f\u0131k 7 km. uzakl\u0131kta \u0130zmir karayolu kenar\u0131nda Edremit Kocaseyit&nbsp; Havaalan\u0131 bulunmaktad\u0131r. Yaz ve k\u0131\u015f sezonunda&nbsp; haftan\u0131n belirli g\u00fcnleri&nbsp; \u0130stanbul Sabiha G\u00f6k\u00e7en Havaalan\u0131na ve Ankara&#8217;ya&nbsp; u\u00e7ak seferleri d\u00fczenlenmektedir.<\/p>\n\n\n\n<p>Kaynak \/ <strong><em>Bal\u0131kesir \u0130l K\u00fclt\u00fcr ve Turizm M\u00fcd\u00fcrl\u00fc\u011f\u00fc<\/em><\/strong><\/p>\n\n\n\n<p><\/p>\n","protected":false},"excerpt":{"rendered":"<p>Termal, da\u011f ve deniz turizminin bir arada ya\u015fand\u0131\u011f\u0131 Edremit, ba\u011fl\u0131 oldu\u011fu Bal\u0131kesir ilinin b\u00fcy\u00fck\u015fehir olmas\u0131yla birlikte, 150 bin n\u00fcfuslu bir il\u00e7e haline gelmi\u015ftir. Kara yolu, deniz yolu ve hava yolu ile ula\u015f\u0131m\u0131n m\u00fcmk\u00fcn oldu\u011fu il\u00e7emizde, Koca Seyit Havaliman\u0131\u2019ndan uluslararas\u0131 tarifeli yurtd\u0131\u015f\u0131 u\u00e7u\u015flar\u0131n\u0131n da ger\u00e7ekle\u015fiyor olmas\u0131, il\u00e7e olarak vizyonumuzu geni\u015fletmi\u015f ve kap\u0131lar\u0131m\u0131z\u0131 d\u00fcnyaya a\u00e7m\u0131\u015ft\u0131r. Sahip oldu\u011fumuz [&hellip;]<\/p>\n","protected":false},"author":1,"featured_media":764,"parent":0,"menu_order":0,"comment_status":"closed","ping_status":"closed","template":"pages\/page-crew.php","meta":{"footnotes":""},"class_list":["post-745","page","type-page","status-publish","has-post-thumbnail","hentry"],"_links":{"self":[{"href":"https:\/\/www.edremittarihi.com\/index.php\/wp-json\/wp\/v2\/pages\/745","targetHints":{"allow":["GET"]}}],"collection":[{"href":"https:\/\/www.edremittarihi.com\/index.php\/wp-json\/wp\/v2\/pages"}],"about":[{"href":"https:\/\/www.edremittarihi.com\/index.php\/wp-json\/wp\/v2\/types\/page"}],"author":[{"embeddable":true,"href":"https:\/\/www.edremittarihi.com\/index.php\/wp-json\/wp\/v2\/users\/1"}],"replies":[{"embeddable":true,"href":"https:\/\/www.edremittarihi.com\/index.php\/wp-json\/wp\/v2\/comments?post=745"}],"version-history":[{"count":8,"href":"https:\/\/www.edremittarihi.com\/index.php\/wp-json\/wp\/v2\/pages\/745\/revisions"}],"predecessor-version":[{"id":1069,"href":"https:\/\/www.edremittarihi.com\/index.php\/wp-json\/wp\/v2\/pages\/745\/revisions\/1069"}],"wp:featuredmedia":[{"embeddable":true,"href":"https:\/\/www.edremittarihi.com\/index.php\/wp-json\/wp\/v2\/media\/764"}],"wp:attachment":[{"href":"https:\/\/www.edremittarihi.com\/index.php\/wp-json\/wp\/v2\/media?parent=745"}],"curies":[{"name":"wp","href":"https:\/\/api.w.org\/{rel}","templated":true}]}}