{"id":627,"date":"2025-04-06T04:00:05","date_gmt":"2025-04-06T01:00:05","guid":{"rendered":"https:\/\/www.edremittarihi.com\/?page_id=627"},"modified":"2025-04-06T04:03:31","modified_gmt":"2025-04-06T01:03:31","slug":"foto-galeri-orcun","status":"publish","type":"page","link":"https:\/\/www.edremittarihi.com\/index.php\/foto-galeri-orcun\/","title":{"rendered":"Foto Galeri (orcun)"},"content":{"rendered":"\n<p>Bu sayfada temadaki dahili Lightbox \u00f6zelli\u011fi ile eklenen bir galeri g\u00f6rmektesiniz. Lightbox \u00f6zelli\u011fini tema ayarlar\u0131ndan pasif edip kendi Lighbox eklentinizi de kullanabilirsiniz. Ayn\u0131 galerinin yeni sayfada a\u00e7\u0131lan haline <a href=\"https:\/\/www.edremittarihi.com\/foto-galeri-sayfali\/\" data-type=\"page\" data-id=\"54\">buradan<\/a> ula\u015fabilirsiniz.<\/p>\n\n\n\n<figure class=\"wp-block-gallery has-nested-images columns-default is-cropped wp-block-gallery-1 is-layout-flex wp-block-gallery-is-layout-flex\">\n<figure class=\"wp-block-image size-large\"><a href=\"https:\/\/www.edremittarihi.com\/wp-content\/uploads\/2021\/10\/gallery00001-1.jpeg\"><img loading=\"lazy\" decoding=\"async\" width=\"1024\" height=\"682\" data-id=\"92\" src=\"https:\/\/www.edremittarihi.com\/wp-content\/uploads\/2021\/10\/gallery00001-1-1024x682.jpeg\" alt=\"\" class=\"wp-image-92\" srcset=\"https:\/\/www.edremittarihi.com\/wp-content\/uploads\/2021\/10\/gallery00001-1-1024x682.jpeg 1024w, https:\/\/www.edremittarihi.com\/wp-content\/uploads\/2021\/10\/gallery00001-1-300x200.jpeg 300w, https:\/\/www.edremittarihi.com\/wp-content\/uploads\/2021\/10\/gallery00001-1-768x512.jpeg 768w, https:\/\/www.edremittarihi.com\/wp-content\/uploads\/2021\/10\/gallery00001-1.jpeg 1280w\" sizes=\"auto, (max-width: 1024px) 100vw, 1024px\" \/><\/a><\/figure>\n\n\n\n<figure class=\"wp-block-image size-large\"><a href=\"https:\/\/www.edremittarihi.com\/wp-content\/uploads\/2021\/10\/gallery00002-1.jpeg\"><img loading=\"lazy\" decoding=\"async\" width=\"1024\" height=\"682\" data-id=\"93\" src=\"https:\/\/www.edremittarihi.com\/wp-content\/uploads\/2021\/10\/gallery00002-1-1024x682.jpeg\" alt=\"\" class=\"wp-image-93\" srcset=\"https:\/\/www.edremittarihi.com\/wp-content\/uploads\/2021\/10\/gallery00002-1-1024x682.jpeg 1024w, https:\/\/www.edremittarihi.com\/wp-content\/uploads\/2021\/10\/gallery00002-1-300x200.jpeg 300w, https:\/\/www.edremittarihi.com\/wp-content\/uploads\/2021\/10\/gallery00002-1-768x512.jpeg 768w, https:\/\/www.edremittarihi.com\/wp-content\/uploads\/2021\/10\/gallery00002-1.jpeg 1280w\" sizes=\"auto, (max-width: 1024px) 100vw, 1024px\" \/><\/a><\/figure>\n\n\n\n<figure class=\"wp-block-image size-large\"><a href=\"https:\/\/www.edremittarihi.com\/wp-content\/uploads\/2021\/10\/gallery00003-1.jpeg\"><img loading=\"lazy\" decoding=\"async\" width=\"1024\" height=\"682\" data-id=\"94\" src=\"https:\/\/www.edremittarihi.com\/wp-content\/uploads\/2021\/10\/gallery00003-1-1024x682.jpeg\" alt=\"\" class=\"wp-image-94\" srcset=\"https:\/\/www.edremittarihi.com\/wp-content\/uploads\/2021\/10\/gallery00003-1-1024x682.jpeg 1024w, https:\/\/www.edremittarihi.com\/wp-content\/uploads\/2021\/10\/gallery00003-1-300x200.jpeg 300w, https:\/\/www.edremittarihi.com\/wp-content\/uploads\/2021\/10\/gallery00003-1-768x512.jpeg 768w, https:\/\/www.edremittarihi.com\/wp-content\/uploads\/2021\/10\/gallery00003-1.jpeg 1280w\" sizes=\"auto, (max-width: 1024px) 100vw, 1024px\" \/><\/a><\/figure>\n\n\n\n<figure class=\"wp-block-image size-large\"><a href=\"https:\/\/www.edremittarihi.com\/wp-content\/uploads\/2021\/10\/gallery00004-1.jpeg\"><img loading=\"lazy\" decoding=\"async\" width=\"1024\" height=\"681\" data-id=\"95\" src=\"https:\/\/www.edremittarihi.com\/wp-content\/uploads\/2021\/10\/gallery00004-1-1024x681.jpeg\" alt=\"\" class=\"wp-image-95\" srcset=\"https:\/\/www.edremittarihi.com\/wp-content\/uploads\/2021\/10\/gallery00004-1-1024x681.jpeg 1024w, https:\/\/www.edremittarihi.com\/wp-content\/uploads\/2021\/10\/gallery00004-1-300x199.jpeg 300w, https:\/\/www.edremittarihi.com\/wp-content\/uploads\/2021\/10\/gallery00004-1-768x511.jpeg 768w, https:\/\/www.edremittarihi.com\/wp-content\/uploads\/2021\/10\/gallery00004-1.jpeg 1280w\" sizes=\"auto, (max-width: 1024px) 100vw, 1024px\" \/><\/a><\/figure>\n\n\n\n<figure class=\"wp-block-image size-large\"><a href=\"https:\/\/www.edremittarihi.com\/wp-content\/uploads\/2021\/10\/gallery00006-1.jpeg\"><img loading=\"lazy\" decoding=\"async\" width=\"1024\" height=\"682\" data-id=\"97\" src=\"https:\/\/www.edremittarihi.com\/wp-content\/uploads\/2021\/10\/gallery00006-1-1024x682.jpeg\" alt=\"\" class=\"wp-image-97\" srcset=\"https:\/\/www.edremittarihi.com\/wp-content\/uploads\/2021\/10\/gallery00006-1-1024x682.jpeg 1024w, https:\/\/www.edremittarihi.com\/wp-content\/uploads\/2021\/10\/gallery00006-1-300x200.jpeg 300w, https:\/\/www.edremittarihi.com\/wp-content\/uploads\/2021\/10\/gallery00006-1-768x512.jpeg 768w, https:\/\/www.edremittarihi.com\/wp-content\/uploads\/2021\/10\/gallery00006-1.jpeg 1280w\" sizes=\"auto, (max-width: 1024px) 100vw, 1024px\" \/><\/a><\/figure>\n<\/figure>\n","protected":false},"excerpt":{"rendered":"<p>Bu sayfada temadaki dahili Lightbox \u00f6zelli\u011fi ile eklenen bir galeri g\u00f6rmektesiniz. Lightbox \u00f6zelli\u011fini tema ayarlar\u0131ndan pasif edip kendi Lighbox eklentinizi de kullanabilirsiniz. Ayn\u0131 galerinin yeni sayfada a\u00e7\u0131lan haline buradan ula\u015fabilirsiniz.<\/p>\n","protected":false},"author":1,"featured_media":0,"parent":0,"menu_order":0,"comment_status":"closed","ping_status":"closed","template":"","meta":{"footnotes":""},"class_list":["post-627","page","type-page","status-publish","hentry"],"_links":{"self":[{"href":"https:\/\/www.edremittarihi.com\/index.php\/wp-json\/wp\/v2\/pages\/627","targetHints":{"allow":["GET"]}}],"collection":[{"href":"https:\/\/www.edremittarihi.com\/index.php\/wp-json\/wp\/v2\/pages"}],"about":[{"href":"https:\/\/www.edremittarihi.com\/index.php\/wp-json\/wp\/v2\/types\/page"}],"author":[{"embeddable":true,"href":"https:\/\/www.edremittarihi.com\/index.php\/wp-json\/wp\/v2\/users\/1"}],"replies":[{"embeddable":true,"href":"https:\/\/www.edremittarihi.com\/index.php\/wp-json\/wp\/v2\/comments?post=627"}],"version-history":[{"count":2,"href":"https:\/\/www.edremittarihi.com\/index.php\/wp-json\/wp\/v2\/pages\/627\/revisions"}],"predecessor-version":[{"id":630,"href":"https:\/\/www.edremittarihi.com\/index.php\/wp-json\/wp\/v2\/pages\/627\/revisions\/630"}],"wp:attachment":[{"href":"https:\/\/www.edremittarihi.com\/index.php\/wp-json\/wp\/v2\/media?parent=627"}],"curies":[{"name":"wp","href":"https:\/\/api.w.org\/{rel}","templated":true}]}}